{"id":7,"date":"2020-04-29T17:44:48","date_gmt":"2020-04-29T15:44:48","guid":{"rendered":"http:\/\/wordpress.ossweiler-reisecenter.de\/?page_id=7"},"modified":"2025-09-01T16:45:21","modified_gmt":"2025-09-01T14:45:21","slug":"ossweiler-reisecenter","status":"publish","type":"page","link":"https:\/\/ossweiler-reisecenter.de\/","title":{"rendered":"Wir beraten Sie seit 20 Jahren &#8211; wann und wo bestimmen nun Sie!"},"content":{"rendered":"\t\t<div data-elementor-type=\"wp-page\" data-elementor-id=\"7\" class=\"elementor elementor-7\">\n\t\t\t\t<div class=\"elementor-element elementor-element-4ce80991 e-flex e-con-boxed e-con e-parent\" data-id=\"4ce80991\" data-element_type=\"container\">\n\t\t\t\t\t<div class=\"e-con-inner\">\n\t\t\t\t<div class=\"elementor-element elementor-element-69beac6 elementor-widget elementor-widget-text-editor\" data-id=\"69beac6\" data-element_type=\"widget\" data-widget_type=\"text-editor.default\">\n\t\t\t\t<div class=\"elementor-widget-container\">\n\t\t\t\t\t\t\t<!-- wp:paragraph {\"align\":\"right\",\"fontSize\":\"large\"} -->\n<p class=\"has-text-align-right has-large-font-size\"><\/p>\n<!-- \/wp:paragraph -->\n\n<!-- wp:paragraph {\"fontSize\":\"large\"} -->\n<p class=\"has-large-font-size\">Wir beraten Sie wie, wann und wo es Ihnen am besten passt \u2013 ganz ohne Zeitdruck im pers\u00f6nlichen Gespr\u00e4ch per Telefon, \u00fcber Teams oder per E-Mail. <\/p>\n<!-- \/wp:paragraph -->\n\n<!-- wp:paragraph -->\n<p><\/p>\n<!-- \/wp:paragraph -->\n\n<!-- wp:paragraph {\"fontSize\":\"large\"} -->\n<p class=\"has-large-font-size\"><strong>Sparen Sie Zeit\u00a0und lassen Sie uns Ihre Urlaubsw\u00fcnsche vorab zukommen,<\/strong> wir erstellen Ihnen Ihre pers\u00f6nlichen Angebote, die Sie dann per email erhalten und in Ruhe durchsehen k\u00f6nnen. Wir sprechen diese dann mit Ihnen durch und beantworten Ihre Fragen dazu. Die Buchung kann online \u00fcber einen Unterschriftslink erfolgen, Sie k\u00f6nnen Ihre Buchung unterschreiben und uns zukommen lassen oder bei einem pers\u00f6nlichen Termin \u00fcbergeben, auch hier ganz wie Sie es w\u00fcnschen bzw. es Ihr Terminkalender erlaubt. <\/p>\n<!-- \/wp:paragraph -->\n\n<!-- wp:paragraph -->\n<p><\/p>\n<!-- \/wp:paragraph -->\n\n<!-- wp:paragraph {\"fontSize\":\"large\"} -->\n<p class=\"has-large-font-size\">Wir sind f\u00fcr Sie da, schreiben Sie uns bitte  einfach kurz eine E-mail an <strong>info@ossweiler-reisecenter.de<\/strong> oder rufen uns an, pers\u00f6nlich am Telefon\u00a0unter <strong>07141-290999 <\/strong>k\u00f6nnen Sie uns immer <strong>Montag bis Freitag<\/strong> nachmittags\u00a0in der Zeit von <strong>15:00h &#8211; 18:00h<\/strong> erreichen, sonst hinterlassen Sie eine Nachricht auf unserer Voicebox\/Anrufbeantworter und wir rufen Sie zur\u00fcck. <\/p>\n<!-- \/wp:paragraph -->\n\n<!-- wp:paragraph {\"fontSize\":\"large\"} -->\n<p class=\"has-large-font-size\"><strong>Wir freuen uns von Ihnen zu h\u00f6ren!<\/strong> <\/p>\n<!-- \/wp:paragraph -->\n\n<!-- wp:paragraph {\"fontSize\":\"large\"} -->\n<p class=\"has-large-font-size\"><strong>Ihr Ossweiler Reisecenter<\/strong> <\/p>\n<!-- \/wp:paragraph -->\n\n<!-- wp:paragraph {\"fontSize\":\"large\"} -->\n<p class=\"has-large-font-size\"><strong>Jasmin Bleile und Natascha Neumann<\/strong> GbR<\/p>\n<!-- \/wp:paragraph -->\n\n<!-- wp:paragraph -->\n<p><\/p>\n<!-- \/wp:paragraph -->\n\n<!-- wp:paragraph {\"fontSize\":\"large\"} -->\n<p class=\"has-large-font-size\"><\/p>\n<!-- \/wp:paragraph -->\n\n<!-- wp:paragraph {\"fontSize\":\"large\"} -->\n<p class=\"has-large-font-size\"><strong>Mein Urlaubsgl\u00fcck \u2013 made in O\u00dfweil<br>zu 100 % digitalisiert, damit mehr Zeit f\u00fcr Ihre Reiseplanung bleibt!<\/strong><\/p>\n<!-- \/wp:paragraph -->\n\n<!-- wp:paragraph {\"fontSize\":\"large\"} -->\n<p class=\"has-large-font-size\"><\/p>\n<!-- \/wp:paragraph -->\n\n<!-- wp:paragraph -->\n<p><\/p>\n<!-- \/wp:paragraph -->\n\n<!-- wp:paragraph -->\n<p>\u00a0<\/p>\n<!-- \/wp:paragraph -->\n\n<!-- wp:paragraph -->\n<p><\/p>\n<!-- \/wp:paragraph -->\t\t\t\t\t\t<\/div>\n\t\t\t\t<\/div>\n\t\t\t\t<div class=\"elementor-element elementor-element-7b76754 elementor-widget elementor-widget-image\" data-id=\"7b76754\" data-element_type=\"widget\" data-widget_type=\"image.default\">\n\t\t\t\t<div class=\"elementor-widget-container\">\n\t\t\t\t\t\t\t\t\t\t<figure class=\"wp-caption\">\n\t\t\t\t\t\t\t\t\t\t<img fetchpriority=\"high\" decoding=\"async\" width=\"550\" height=\"871\" src=\"https:\/\/ossweiler-reisecenter.de\/wp-content\/uploads\/2025\/09\/JasiNatseweiss.jpg\" class=\"attachment-large size-large wp-image-253\" alt=\"\" srcset=\"https:\/\/ossweiler-reisecenter.de\/wp-content\/uploads\/2025\/09\/JasiNatseweiss.jpg 550w, https:\/\/ossweiler-reisecenter.de\/wp-content\/uploads\/2025\/09\/JasiNatseweiss-189x300.jpg 189w\" sizes=\"(max-width: 550px) 100vw, 550px\" \/>\t\t\t\t\t\t\t\t\t\t\t<figcaption class=\"widget-image-caption wp-caption-text\">Ihre Urlaubsengel Natascha Neumann + Jasmin Bleile<\/figcaption>\n\t\t\t\t\t\t\t\t\t\t<\/figure>\n\t\t\t\t\t\t\t<\/div>\n\t\t\t\t<\/div>\n\t\t\t\t\t<\/div>\n\t\t\t\t<\/div>\n\t\t<div class=\"elementor-element elementor-element-3df8031 e-flex e-con-boxed e-con e-parent\" data-id=\"3df8031\" data-element_type=\"container\">\n\t\t\t\t\t<div class=\"e-con-inner\">\n\t\t\t\t\t<\/div>\n\t\t\t\t<\/div>\n\t\t\t\t<\/div>\n\t\t","protected":false},"excerpt":{"rendered":"<p>Wir beraten Sie wie, wann und wo es Ihnen am besten passt \u2013 ganz ohne Zeitdruck im pers\u00f6nlichen Gespr\u00e4ch per Telefon, \u00fcber Teams oder per E-Mail. Sparen Sie Zeit\u00a0und lassen Sie uns Ihre Urlaubsw\u00fcnsche vorab zukommen, wir erstellen Ihnen Ihre pers\u00f6nlichen Angebote, die Sie dann per email erhalten und in Ruhe durchsehen k\u00f6nnen. Wir sprechen [&hellip;]<\/p>\n","protected":false},"author":1,"featured_media":0,"parent":0,"menu_order":0,"comment_status":"closed","ping_status":"closed","template":"","meta":{"footnotes":""},"class_list":["post-7","page","type-page","status-publish","hentry"],"_links":{"self":[{"href":"https:\/\/ossweiler-reisecenter.de\/index.php\/wp-json\/wp\/v2\/pages\/7","targetHints":{"allow":["GET"]}}],"collection":[{"href":"https:\/\/ossweiler-reisecenter.de\/index.php\/wp-json\/wp\/v2\/pages"}],"about":[{"href":"https:\/\/ossweiler-reisecenter.de\/index.php\/wp-json\/wp\/v2\/types\/page"}],"author":[{"embeddable":true,"href":"https:\/\/ossweiler-reisecenter.de\/index.php\/wp-json\/wp\/v2\/users\/1"}],"replies":[{"embeddable":true,"href":"https:\/\/ossweiler-reisecenter.de\/index.php\/wp-json\/wp\/v2\/comments?post=7"}],"version-history":[{"count":52,"href":"https:\/\/ossweiler-reisecenter.de\/index.php\/wp-json\/wp\/v2\/pages\/7\/revisions"}],"predecessor-version":[{"id":259,"href":"https:\/\/ossweiler-reisecenter.de\/index.php\/wp-json\/wp\/v2\/pages\/7\/revisions\/259"}],"wp:attachment":[{"href":"https:\/\/ossweiler-reisecenter.de\/index.php\/wp-json\/wp\/v2\/media?parent=7"}],"curies":[{"name":"wp","href":"https:\/\/api.w.org\/{rel}","templated":true}]}}